{"id":52,"date":"2016-08-19T09:16:22","date_gmt":"2016-08-19T09:16:22","guid":{"rendered":"http:\/\/sw-themes.com\/porto_dummy\/restaurant\/?page_id=52"},"modified":"2026-01-27T17:10:48","modified_gmt":"2026-01-27T17:10:48","slug":"menu","status":"publish","type":"page","link":"https:\/\/www.korfezrestaurant.com.tr\/?page_id=52","title":{"rendered":"Men\u00fc"},"content":{"rendered":"<p>[vc_row wrap_container=&#8221;yes&#8221;][vc_column][vc_custom_heading text=&#8221;Special <strong>Menu<\/strong>&#8221; font_container=&#8221;tag:h4|text_align:center&#8221; use_theme_fonts=&#8221;yes&#8221; el_class=&#8221;m-t-xlg m-b-sm&#8221;][vc_column_text]<\/p>\n<p style=\"text-align: center;\"><span style=\"color: #000000;\"><em>1927 YILINDAN BER\u0130 HER G\u00dcN DAHA DA GEL\u0130\u015eEN MEN\u00dcM\u00dcZ D\u00dcNYA<\/em><\/span><\/p>\n<p style=\"text-align: center;\"><span style=\"color: #000000;\"><em>MUTFA\u011eI, T\u00dcRK MUTFA\u011eI ve G\u0130R\u0130T MUTFA\u011eINDAN SE\u00c7ME \u00d6RNEKLER \u0130LE DE\u011eERL\u0130 M\u0130SAF\u0130RLER\u0130M\u0130ZE H\u0130ZMET VERMEKTED\u0130R.<\/em><\/span><\/p>\n<p>&nbsp;[\/vc_column_text][vc_separator color=&#8221;custom&#8221; style=&#8221;pattern&#8221; pattern_repeat=&#8221;no-repeat&#8221; pattern_position=&#8221;center center&#8221; pattern_height=&#8221;16&#8243; gap=&#8221;taller&#8221; pattern=&#8221;26&#8243; el_class=&#8221;m-b-xxl&#8221;][vc_raw_html el_class=&#8221;p-b&#8221;]JTNDdWwlMjBjbGFzcyUzRCUyMnNwZWNpYWwtbWVudSUyMiUzRSUwQSUwOSUzQ2xpJTNFJTBBJTA5JTA5JTNDaW1nJTIwc3JjJTNEJTIyaHR0cHMlM0ElMkYlMkZ3d3cua29yZmV6cmVzdGF1cmFudC5jb20udHIlMkZ3cC1jb250ZW50JTJGdXBsb2FkcyUyRjIwMjAlMkYwMiUyRmNvcmJhbGFyLmpwZyUyMiUyMGNsYXNzJTNEJTIyaW1nLXJlc3BvbnNpdmUlMjIlMjBhbHQlM0QlMjIlMjIlM0UlMEElMDklMDklM0NoMyUzRSVDMyU4N09SQkFMQVIlMjAlM0NlbSUzRSUzQyUyRmVtJTNFJTNDJTJGaDMlM0UlMEElMDklMDklM0NwJTNFJTNDc3BhbiUzRURvbWF0ZXMlMjAlQzMlODdvcmJhcyVDNCVCMSUyQyUyMEJhbCVDNCVCMWslMjAlQzMlODdvcmJhcyVDNCVCMS4lM0MlMkZzcGFuJTNFJTNDJTJGcCUzRSUwQSUwOSUwOSUzQ3N0cm9uZyUyMGNsYXNzJTNEJTIyc3BlY2lhbC1tZW51LXByaWNlJTIwdGV4dC1jb2xvci1kYXJrJTIyJTNFJTNDJTJGc3Ryb25nJTNFJTBBJTA5JTNDJTJGbGklM0UlMEElMDklM0NsaSUzRSUwQSUwOSUwOSUzQ2ltZyUyMHNyYyUzRCUyMmh0dHBzJTNBJTJGJTJGd3d3LmtvcmZlenJlc3RhdXJhbnQuY29tLnRyJTJGd3AtY29udGVudCUyRnVwbG9hZHMlMkYyMDIwJTJGMDIlMkZzYWxhdGEuanBnJTIyJTIwY2xhc3MlM0QlMjJpbWctcmVzcG9uc2l2ZSUyMiUyMGFsdCUzRCUyMiUyMiUzRSUwQSUwOSUwOSUzQ2gzJTNFU0FMQVRBTEFSJTIwJTNDZW0lM0UlM0MlMkZlbSUzRSUzQyUyRmgzJTNFJTBBJTA5JTA5JTNDcCUzRSUzQ3NwYW4lM0UlMjAlQzMlODdvYmFuJTIwU2FsYXRhJTJDJTIwTWV2c2ltJTIwU2FsYXRhJTJDJTIwUGV5bmlybGklMjBTYWxhdGElMkMlMjBZZSVDNSU5RmlsJTIwU2FsYXRhJTJDJTIwVGF2dWslMjBTYWxhdGElMkMlMjBUb24lMjBCYWwlQzQlQjFrbCVDNCVCMSUyMFNhbGF0YSUyQyUyMERlbml6JTIwJUMzJTlDciVDMyVCQ25sZXJpJTIwU2FsYXRhJTJDJTIwSyVDMyVCNnJmZXolMjBTYWxhdGEuJTNDJTJGc3BhbiUzRSUzQyUyRnAlM0UlMEElMDklMDklM0NzdHJvbmclMjBjbGFzcyUzRCUyMnNwZWNpYWwtbWVudS1wcmljZSUyMHRleHQtY29sb3ItZGFyayUyMiUzRSUzQyUyRnN0cm9uZyUzRSUwQSUwOSUzQyUyRmxpJTNFJTBBJTA5JTA5JTNDbGklM0UlMEElMDklMDklM0NpbWclMjBzcmMlM0QlMjJodHRwcyUzQSUyRiUyRnd3dy5rb3JmZXpyZXN0YXVyYW50LmNvbS50ciUyRndwLWNvbnRlbnQlMkZ1cGxvYWRzJTJGMjAyMCUyRjAyJTJGbWV6ZS5qcGclMjIlMjBjbGFzcyUzRCUyMmltZy1yZXNwb25zaXZlJTIyJTIwYWx0JTNEJTIyJTIyJTNFJTBBJTA5JTA5JTNDaDMlM0VTSUNBSyUyMHZlJTIwU08lQzQlOUVVSyUyME1FWkVMRVIlMjAlM0NlbSUzRSUzQyUyRmVtJTNFJTNDJTJGaDMlM0UlMEElMDklMDklM0NwJTNFJTNDc3BhbiUzRVNpZ2FyYSUyMEIlQzMlQjYlQzQlOUZyZSVDNCU5RmklMkMlMjBQYSVDMyVBN2FuZ2ElMjBCJUMzJUI2cmUlQzQlOUZpJTJDJTIwRW5naW5hciUyMEl6Z2FyYSUyQyUyMERlbml6JTIwTWFocyVDMyVCQ2xsJUMzJUJDJTIwJUM0JUIwJUMzJUE3bGklMjBLJUMzJUI2ZnRlJTJDJTIwSXpnYXJhJTIwQWh0YXBvdCUyMEJhY2ElQzQlOUYlQzQlQjElMkMlMjBLYSVDNSU5RmFybCVDNCVCMSUyME1hbnRhciUyMEl6Z2FyYSUyQyUyMEthYmFrJTIwJUMzJTg3aSVDMyVBN2UlQzQlOUZpJTIwSyVDNCVCMXphcnRtYXMlQzQlQjElMkMlMjBQYXRsJUM0JUIxY2FuJTIwSyVDNCVCMXphcnRtYXMlQzQlQjElMkMlMjBQYXRhdGVzJTIwSyVDNCVCMXphcnRtYXMlQzQlQjElMkMlMjBQZXluaXIlMkMlMjBLJUMzJUI2eiUyMFBhdGwlQzQlQjFjYW4lMjBTYWxhdGFzJUM0JUIxJTJDJTIwSGF5ZGFyaSUyQyUyMEZhdmElMkMlMjBCYXJidW55YSUyMFBpbGFraSUyQyUyMEslQzMlQjZwZW8lQzQlOUZsdSUyQyUyMFlhcHJhayUyMFNhcm1hJTJDJTIwQXRvbSUyQyUyMEtlbmtlciUyQyUyMEthciVDNCVCMSVDNSU5RiVDNCVCMWslMjBPcmQlQzMlQjZ2ciUyMFRhYmElQzQlOUYlQzQlQjElMkMlMjBBaHRhcG90JTIwU2FsYXRhcyVDNCVCMSUyQyUyMExldnJlayUyME1hcmluJTJDJTIwTGFrZXJkYSUyQyUyMEthcmlkZXMlMjBTYWxhdGFzJUM0JUIxLiUzQyUyRnNwYW4lM0UlM0MlMkZwJTNFJTBBJTA5JTA5JTNDc3Ryb25nJTIwY2xhc3MlM0QlMjJzcGVjaWFsLW1lbnUtcHJpY2UlMjB0ZXh0LWNvbG9yLWRhcmslMjIlM0UlM0MlMkZzdHJvbmclM0UlMEElMDklM0MlMkZsaSUzRSUwQSUwOSUzQ2xpJTNFJTBBJTA5JTA5JTNDaW1nJTIwc3JjJTNEJTIyaHR0cHMlM0ElMkYlMkZ3d3cua29yZmV6cmVzdGF1cmFudC5jb20udHIlMkZ3cC1jb250ZW50JTJGdXBsb2FkcyUyRjIwMjAlMkYwMiUyRmRlbml6LmpwZyUyMiUyMGNsYXNzJTNEJTIyaW1nLXJlc3BvbnNpdmUlMjIlMjBhbHQlM0QlMjIlMjIlM0UlMEElMDklMDklM0NoMyUzRURFTiVDNCVCMFolMjAlQzMlOUNSJUMzJTlDTkxFUiVDNCVCMCUzQ2VtJTNFJTNDJTJGZW0lM0UlM0MlMkZoMyUzRSUwQSUwOSUwOSUzQ3AlM0UlM0NzcGFuJTNFS2FyaWRlcyUyMEtva3RleWwlMkMlMjBLYXJpZGVzJTIwRyVDMyVCQ3ZlJUMzJUE3JTJDJTIwS2FyaWRlcyUyMEl6Z2FyYSUyQyUyMFRlcmV5YSVDNCU5RmwlQzQlQjElMjBTYXIlQzQlQjFtc2FrbCVDNCVCMSUyMEthcmlkZXMlMjBUYXZhJTJDJTIwQmUlQzQlOUZlbmRpbGklMjBLYXJpZGVzJTJDJTIwQmUlQzQlOUZlbmRpbGklMjBBaHRhcG90JTJDJTIwQWh0YXBvdCUyMEclQzMlQkN2ZSVDMyVBNyUyQyUyMEthbGFtYXIlMjBUYXZhJTJDJTIwS2FsYW1hciUyMEl6Z2FyYSUyQyUyMEthbGFtYXIlMjBEb2xtYSUyQyUyMEJhbCVDNCVCMWslMjAlQzUlOUVpJUM1JTlGLiUzQyUyRnNwYW4lM0UlM0MlMkZwJTNFJTBBJTA5JTA5JTNDc3Ryb25nJTIwY2xhc3MlM0QlMjJzcGVjaWFsLW1lbnUtcHJpY2UlMjB0ZXh0LWNvbG9yLWRhcmslMjIlM0UlM0MlMkZzdHJvbmclM0UlMEElMDklM0MlMkZsaSUzRSUwQSUwOSUzQ2xpJTNFJTBBJTA5JTA5JTNDaW1nJTIwc3JjJTNEJTIyaHR0cHMlM0ElMkYlMkZ3d3cua29yZmV6cmVzdGF1cmFudC5jb20udHIlMkZ3cC1jb250ZW50JTJGdXBsb2FkcyUyRjIwMjAlMkYwMiUyRmV0LmpwZyUyMiUyMGNsYXNzJTNEJTIyaW1nLXJlc3BvbnNpdmUlMjIlMjBhbHQlM0QlMjIlMjIlM0UlMEElMDklMDklM0NoMyUzRUVUJTIwdmUlMjBUQVZVSyUyMCVDMyU5Q1IlQzMlOUNOTEVSJUM0JUIwJTIwJTNDZW0lM0UlM0MlMkZlbSUzRSUzQyUyRmgzJTNFJTBBJTA5JTA5JTNDcCUzRSUzQ3NwYW4lM0VLJUMzJUI2ZnRlJTJDJTIwSXpnYXJhJTIwQm9uZmlsZSUyQyUyMEthJUM1JTlGYXJsJUM0JUIxJTIwQm9uZmlsZSUyQyUyMEJpYmVyJTIwU29zbHUlMjBCb25maWxlJTJDJTIwTWFudGFyJTIwU29zbHUlMjBCb25maWxlJTJDJTIwS3VzdSUyMCVDNSU5RWklQzUlOUYlMkMlMjBLdXN1JTIwUGlyem9sYSUyQyUyMEFkYW5hJTIwS2ViYXAlMkMlMjBLYXIlQzQlQjElQzUlOUYlQzQlQjFrJTIwSXpnYXJhJTJDJTIwJUMzJTg3JUMzJUI2a2VydG1lJTIwS2ViYWIlQzQlQjElMkMlMjBLJUMzJUI2cmZleiUyMEtlYmFwJTJDJTIwJUMzJTg3b2JhbiUyMEthdnVybWElMkMlMjBLdXJiYW4lMjBLYXZ1cm1hJTJDJTIwSCVDMyVCQ25rYXIlMjBCZSVDNCU5RmVuZGklMkMlMjBFdCUyMGclQzMlQkN2ZSVDMyVBNyUyQyUyMFNwYWdldHRpJTIwQm9sb25leiUyQyUyMFRhdnVrJTIwJUM1JTlFaSVDNSU5RiUyQyUyMFRhdnVrJTIwRyVDMyVCNiVDNCU5RiVDMyVCQ3MlMkMlMjBUYXZ1ayUyMCVDNSU5RWluaXR6ZWwlMkMlMjBNYW50YXIlMjBTb3NsdSUyMFRhdnVrJTJDJTIwSyVDMyVCNnJpJTIwU29zbHUlMjBUYXZ1ayUyQyUyMFRhdnVrJTIwRyVDMyVCQ3ZlJUMzJUE3LiUzQyUyRnNwYW4lM0UlM0MlMkZwJTNFJTBBJTA5JTA5JTNDc3Ryb25nJTIwY2xhc3MlM0QlMjJzcGVjaWFsLW1lbnUtcHJpY2UlMjB0ZXh0LWNvbG9yLWRhcmslMjIlM0UlM0MlMkZzdHJvbmclM0UlMEElMDklM0MlMkZsaSUzRSUwQSUwOSUzQ2xpJTNFJTBBJTA5JTA5JTNDaW1nJTIwc3JjJTNEJTIyaHR0cHMlM0ElMkYlMkZ3d3cua29yZmV6cmVzdGF1cmFudC5jb20udHIlMkZ3cC1jb250ZW50JTJGdXBsb2FkcyUyRjIwMjYlMkYwMSUyRmJhbGlrLnBuZyUyMiUyMGNsYXNzJTNEJTIyaW1nLXJlc3BvbnNpdmUlMjIlMjBhbHQlM0QlMjIlMjIlM0UlMEElMDklMDklM0NoMyUzRUJBTElLJTIwJTNDZW0lM0UlM0MlMkZlbSUzRSUzQyUyRmgzJTNFJTBBJTA5JTA5JTNDcCUzRSUzQ3NwYW4lM0VJemdhcmElMkMlMjBUYXZhJTJDJTIwQnUlQzQlOUZ1bGFtYSUyQyUyMFBpbGFraSUyQyUyMFR1emRhJTIwQmFsJUM0JUIxay4lM0MlMkZzcGFuJTNFJTNDJTJGcCUzRSUwQSUwOSUwOSUzQ3N0cm9uZyUyMGNsYXNzJTNEJTIyc3BlY2lhbC1tZW51LXByaWNlJTIwdGV4dC1jb2xvci1kYXJrJTIyJTNFJTNDJTJGc3Ryb25nJTNFJTBBJTA5JTNDJTJGbGklM0UlMEElMDklM0NsaSUzRSUwQSUwOSUwOSUzQ2ltZyUyMHNyYyUzRCUyMmh0dHBzJTNBJTJGJTJGd3d3LmtvcmZlenJlc3RhdXJhbnQuY29tLnRyJTJGd3AtY29udGVudCUyRnVwbG9hZHMlMkYyMDI2JTJGMDElMkZ2ZWdhbi5wbmclMjIlMjBjbGFzcyUzRCUyMmltZy1yZXNwb25zaXZlJTIyJTIwYWx0JTNEJTIyJTIyJTNFJTBBJTA5JTA5JTNDaDMlM0VWRUpFVEVSWUFOJTIwJTJGJTIwVkVHQU4lMjAlM0NlbSUzRSUzQyUyRmVtJTNFJTNDJTJGaDMlM0UlMEElMDklMDklM0NwJTNFJTNDc3BhbiUzRVZlamV0ZXJ5YW4lMjBHJUMzJUJDdmUlQzMlQTclMkMlMjBWZWdhbiUyMFdyYXAlMkMlMjBTZWJ6ZSUyMEl6Z2FyYSUyQyUyMFNwYWdldHRpJTIwTmFwb2xpdGFuLiUzQyUyRnNwYW4lM0UlM0MlMkZwJTNFJTBBJTA5JTA5JTNDc3Ryb25nJTIwY2xhc3MlM0QlMjJzcGVjaWFsLW1lbnUtcHJpY2UlMjB0ZXh0LWNvbG9yLWRhcmslMjIlM0UlM0MlMkZzdHJvbmclM0UlMEElMDklM0MlMkZsaSUzRSUwQSUwOSUzQ2xpJTNFJTBBJTA5JTA5JTNDaW1nJTIwc3JjJTNEJTIyaHR0cHMlM0ElMkYlMkZ3d3cua29yZmV6cmVzdGF1cmFudC5jb20udHIlMkZ3cC1jb250ZW50JTJGdXBsb2FkcyUyRjIwMjYlMkYwMSUyRnRhdGxpLnBuZyUyMiUyMGNsYXNzJTNEJTIyaW1nLXJlc3BvbnNpdmUlMjIlMjBhbHQlM0QlMjIlMjIlM0UlMEElMDklMDklM0NoMyUzRVRBVExJTEFSJTIwJTNDZW0lM0UlM0MlMkZlbSUzRSUzQyUyRmgzJTNFJTBBJTA5JTA5JTNDcCUzRSUzQ3NwYW4lM0VCYWtsYXZhJTJDJTIwRG9uZHVybWElMkMlMjBMaW1vbmx1JTIwUGFyZmUlMkMlMjBNYW5hbGluJTIwU29yYmUlMkMlMjBEb25kdXJtYWwlQzQlQjElMjAlQzQlQjBybWlrJTIwSGVsdmFzJUM0JUIxJTJDJTIwRiVDNCVCMXIlQzQlQjFuZGElMjBIZWx2YSUyQyUyMEthYnVyYWJhc3QlQzQlQjEuJTNDJTJGc3BhbiUzRSUzQyUyRnAlM0UlMEElMDklMDklM0NzdHJvbmclMjBjbGFzcyUzRCUyMnNwZWNpYWwtbWVudS1wcmljZSUyMHRleHQtY29sb3ItZGFyayUyMiUzRSUzQyUyRnN0cm9uZyUzRSUwQSUwOSUzQyUyRmxpJTNFJTBBJTNDJTJGdWwlM0U=[\/vc_raw_html][\/vc_column][\/vc_row]<\/p>\n","protected":false},"excerpt":{"rendered":"<p>[vc_row wrap_container=&#8221;yes&#8221;][vc_column][vc_custom_heading text=&#8221;Special Menu&#8221; font_container=&#8221;tag:h4|text_align:center&#8221; use_theme_fonts=&#8221;yes&#8221; el_class=&#8221;m-t-xlg m-b-sm&#8221;][vc_column_text] 1927 YILINDAN BER\u0130 HER G\u00dcN DAHA DA GEL\u0130\u015eEN MEN\u00dcM\u00dcZ D\u00dcNYA MUTFA\u011eI, T\u00dcRK MUTFA\u011eI ve G\u0130R\u0130T MUTFA\u011eINDAN SE\u00c7ME \u00d6RNEKLER \u0130LE DE\u011eERL\u0130 M\u0130SAF\u0130RLER\u0130M\u0130ZE H\u0130ZMET VERMEKTED\u0130R. &nbsp;[\/vc_column_text][vc_separator color=&#8221;custom&#8221; style=&#8221;pattern&#8221; pattern_repeat=&#8221;no-repeat&#8221; pattern_position=&#8221;center center&#8221; pattern_height=&#8221;16&#8243; gap=&#8221;taller&#8221; pattern=&#8221;26&#8243; el_class=&#8221;m-b-xxl&#8221;][vc_raw_html el_class=&#8221;p-b&#8221;]JTNDdWwlMjBjbGFzcyUzRCUyMnNwZWNpYWwtbWVudSUyMiUzRSUwQSUwOSUzQ2xpJTNFJTBBJTA5JTA5JTNDaW1nJTIwc3JjJTNEJTIyaHR0cHMlM0ElMkYlMkZ3d3cua29yZmV6cmVzdGF1cmFudC5jb20udHIlMkZ3cC1jb250ZW50JTJGdXBsb2FkcyUyRjIwMjAlMkYwMiUyRmNvcmJhbGFyLmpwZyUyMiUyMGNsYXNzJTNEJTIyaW1nLXJlc3BvbnNpdmUlMjIlMjBhbHQlM0QlMjIlMjIlM0UlMEElMDklMDklM0NoMyUzRSVDMyU4N09SQkFMQVIlMjAlM0NlbSUzRSUzQyUyRmVtJTNFJTNDJTJGaDMlM0UlMEElMDklMDklM0NwJTNFJTNDc3BhbiUzRURvbWF0ZXMlMjAlQzMlODdvcmJhcyVDNCVCMSUyQyUyMEJhbCVDNCVCMWslMjAlQzMlODdvcmJhcyVDNCVCMS4lM0MlMkZzcGFuJTNFJTNDJTJGcCUzRSUwQSUwOSUwOSUzQ3N0cm9uZyUyMGNsYXNzJTNEJTIyc3BlY2lhbC1tZW51LXByaWNlJTIwdGV4dC1jb2xvci1kYXJrJTIyJTNFJTNDJTJGc3Ryb25nJTNFJTBBJTA5JTNDJTJGbGklM0UlMEElMDklM0NsaSUzRSUwQSUwOSUwOSUzQ2ltZyUyMHNyYyUzRCUyMmh0dHBzJTNBJTJGJTJGd3d3LmtvcmZlenJlc3RhdXJhbnQuY29tLnRyJTJGd3AtY29udGVudCUyRnVwbG9hZHMlMkYyMDIwJTJGMDIlMkZzYWxhdGEuanBnJTIyJTIwY2xhc3MlM0QlMjJpbWctcmVzcG9uc2l2ZSUyMiUyMGFsdCUzRCUyMiUyMiUzRSUwQSUwOSUwOSUzQ2gzJTNFU0FMQVRBTEFSJTIwJTNDZW0lM0UlM0MlMkZlbSUzRSUzQyUyRmgzJTNFJTBBJTA5JTA5JTNDcCUzRSUzQ3NwYW4lM0UlMjAlQzMlODdvYmFuJTIwU2FsYXRhJTJDJTIwTWV2c2ltJTIwU2FsYXRhJTJDJTIwUGV5bmlybGklMjBTYWxhdGElMkMlMjBZZSVDNSU5RmlsJTIwU2FsYXRhJTJDJTIwVGF2dWslMjBTYWxhdGElMkMlMjBUb24lMjBCYWwlQzQlQjFrbCVDNCVCMSUyMFNhbGF0YSUyQyUyMERlbml6JTIwJUMzJTlDciVDMyVCQ25sZXJpJTIwU2FsYXRhJTJDJTIwSyVDMyVCNnJmZXolMjBTYWxhdGEuJTNDJTJGc3BhbiUzRSUzQyUyRnAlM0UlMEElMDklMDklM0NzdHJvbmclMjBjbGFzcyUzRCUyMnNwZWNpYWwtbWVudS1wcmljZSUyMHRleHQtY29sb3ItZGFyayUyMiUzRSUzQyUyRnN0cm9uZyUzRSUwQSUwOSUzQyUyRmxpJTNFJTBBJTA5JTA5JTNDbGklM0UlMEElMDklMDklM0NpbWclMjBzcmMlM0QlMjJodHRwcyUzQSUyRiUyRnd3dy5rb3JmZXpyZXN0YXVyYW50LmNvbS50ciUyRndwLWNvbnRlbnQlMkZ1cGxvYWRzJTJGMjAyMCUyRjAyJTJGbWV6ZS5qcGclMjIlMjBjbGFzcyUzRCUyMmltZy1yZXNwb25zaXZlJTIyJTIwYWx0JTNEJTIyJTIyJTNFJTBBJTA5JTA5JTNDaDMlM0VTSUNBSyUyMHZlJTIwU08lQzQlOUVVSyUyME1FWkVMRVIlMjAlM0NlbSUzRSUzQyUyRmVtJTNFJTNDJTJGaDMlM0UlMEElMDklMDklM0NwJTNFJTNDc3BhbiUzRVNpZ2FyYSUyMEIlQzMlQjYlQzQlOUZyZSVDNCU5RmklMkMlMjBQYSVDMyVBN2FuZ2ElMjBCJUMzJUI2cmUlQzQlOUZpJTJDJTIwRW5naW5hciUyMEl6Z2FyYSUyQyUyMERlbml6JTIwTWFocyVDMyVCQ2xsJUMzJUJDJTIwJUM0JUIwJUMzJUE3bGklMjBLJUMzJUI2ZnRlJTJDJTIwSXpnYXJhJTIwQWh0YXBvdCUyMEJhY2ElQzQlOUYlQzQlQjElMkMlMjBLYSVDNSU5RmFybCVDNCVCMSUyME1hbnRhciUyMEl6Z2FyYSUyQyUyMEthYmFrJTIwJUMzJTg3aSVDMyVBN2UlQzQlOUZpJTIwSyVDNCVCMXphcnRtYXMlQzQlQjElMkMlMjBQYXRsJUM0JUIxY2FuJTIwSyVDNCVCMXphcnRtYXMlQzQlQjElMkMlMjBQYXRhdGVzJTIwSyVDNCVCMXphcnRtYXMlQzQlQjElMkMlMjBQZXluaXIlMkMlMjBLJUMzJUI2eiUyMFBhdGwlQzQlQjFjYW4lMjBTYWxhdGFzJUM0JUIxJTJDJTIwSGF5ZGFyaSUyQyUyMEZhdmElMkMlMjBCYXJidW55YSUyMFBpbGFraSUyQyUyMEslQzMlQjZwZW8lQzQlOUZsdSUyQyUyMFlhcHJhayUyMFNhcm1hJTJDJTIwQXRvbSUyQyUyMEtlbmtlciUyQyUyMEthciVDNCVCMSVDNSU5RiVDNCVCMWslMjBPcmQlQzMlQjZ2ciUyMFRhYmElQzQlOUYlQzQlQjElMkMlMjBBaHRhcG90JTIwU2FsYXRhcyVDNCVCMSUyQyUyMExldnJlayUyME1hcmluJTJDJTIwTGFrZXJkYSUyQyUyMEthcmlkZXMlMjBTYWxhdGFzJUM0JUIxLiUzQyUyRnNwYW4lM0UlM0MlMkZwJTNFJTBBJTA5JTA5JTNDc3Ryb25nJTIwY2xhc3MlM0QlMjJzcGVjaWFsLW1lbnUtcHJpY2UlMjB0ZXh0LWNvbG9yLWRhcmslMjIlM0UlM0MlMkZzdHJvbmclM0UlMEElMDklM0MlMkZsaSUzRSUwQSUwOSUzQ2xpJTNFJTBBJTA5JTA5JTNDaW1nJTIwc3JjJTNEJTIyaHR0cHMlM0ElMkYlMkZ3d3cua29yZmV6cmVzdGF1cmFudC5jb20udHIlMkZ3cC1jb250ZW50JTJGdXBsb2FkcyUyRjIwMjAlMkYwMiUyRmRlbml6LmpwZyUyMiUyMGNsYXNzJTNEJTIyaW1nLXJlc3BvbnNpdmUlMjIlMjBhbHQlM0QlMjIlMjIlM0UlMEElMDklMDklM0NoMyUzRURFTiVDNCVCMFolMjAlQzMlOUNSJUMzJTlDTkxFUiVDNCVCMCUzQ2VtJTNFJTNDJTJGZW0lM0UlM0MlMkZoMyUzRSUwQSUwOSUwOSUzQ3AlM0UlM0NzcGFuJTNFS2FyaWRlcyUyMEtva3RleWwlMkMlMjBLYXJpZGVzJTIwRyVDMyVCQ3ZlJUMzJUE3JTJDJTIwS2FyaWRlcyUyMEl6Z2FyYSUyQyUyMFRlcmV5YSVDNCU5RmwlQzQlQjElMjBTYXIlQzQlQjFtc2FrbCVDNCVCMSUyMEthcmlkZXMlMjBUYXZhJTJDJTIwQmUlQzQlOUZlbmRpbGklMjBLYXJpZGVzJTJDJTIwQmUlQzQlOUZlbmRpbGklMjBBaHRhcG90JTJDJTIwQWh0YXBvdCUyMEclQzMlQkN2ZSVDMyVBNyUyQyUyMEthbGFtYXIlMjBUYXZhJTJDJTIwS2FsYW1hciUyMEl6Z2FyYSUyQyUyMEthbGFtYXIlMjBEb2xtYSUyQyUyMEJhbCVDNCVCMWslMjAlQzUlOUVpJUM1JTlGLiUzQyUyRnNwYW4lM0UlM0MlMkZwJTNFJTBBJTA5JTA5JTNDc3Ryb25nJTIwY2xhc3MlM0QlMjJzcGVjaWFsLW1lbnUtcHJpY2UlMjB0ZXh0LWNvbG9yLWRhcmslMjIlM0UlM0MlMkZzdHJvbmclM0UlMEElMDklM0MlMkZsaSUzRSUwQSUwOSUzQ2xpJTNFJTBBJTA5JTA5JTNDaW1nJTIwc3JjJTNEJTIyaHR0cHMlM0ElMkYlMkZ3d3cua29yZmV6cmVzdGF1cmFudC5jb20udHIlMkZ3cC1jb250ZW50JTJGdXBsb2FkcyUyRjIwMjAlMkYwMiUyRmV0LmpwZyUyMiUyMGNsYXNzJTNEJTIyaW1nLXJlc3BvbnNpdmUlMjIlMjBhbHQlM0QlMjIlMjIlM0UlMEElMDklMDklM0NoMyUzRUVUJTIwdmUlMjBUQVZVSyUyMCVDMyU5Q1IlQzMlOUNOTEVSJUM0JUIwJTIwJTNDZW0lM0UlM0MlMkZlbSUzRSUzQyUyRmgzJTNFJTBBJTA5JTA5JTNDcCUzRSUzQ3NwYW4lM0VLJUMzJUI2ZnRlJTJDJTIwSXpnYXJhJTIwQm9uZmlsZSUyQyUyMEthJUM1JTlGYXJsJUM0JUIxJTIwQm9uZmlsZSUyQyUyMEJpYmVyJTIwU29zbHUlMjBCb25maWxlJTJDJTIwTWFudGFyJTIwU29zbHUlMjBCb25maWxlJTJDJTIwS3VzdSUyMCVDNSU5RWklQzUlOUYlMkMlMjBLdXN1JTIwUGlyem9sYSUyQyUyMEFkYW5hJTIwS2ViYXAlMkMlMjBLYXIlQzQlQjElQzUlOUYlQzQlQjFrJTIwSXpnYXJhJTJDJTIwJUMzJTg3JUMzJUI2a2VydG1lJTIwS2ViYWIlQzQlQjElMkMlMjBLJUMzJUI2cmZleiUyMEtlYmFwJTJDJTIwJUMzJTg3b2JhbiUyMEthdnVybWElMkMlMjBLdXJiYW4lMjBLYXZ1cm1hJTJDJTIwSCVDMyVCQ25rYXIlMjBCZSVDNCU5RmVuZGklMkMlMjBFdCUyMGclQzMlQkN2ZSVDMyVBNyUyQyUyMFNwYWdldHRpJTIwQm9sb25leiUyQyUyMFRhdnVrJTIwJUM1JTlFaSVDNSU5RiUyQyUyMFRhdnVrJTIwRyVDMyVCNiVDNCU5RiVDMyVCQ3MlMkMlMjBUYXZ1ayUyMCVDNSU5RWluaXR6ZWwlMkMlMjBNYW50YXIlMjBTb3NsdSUyMFRhdnVrJTJDJTIwSyVDMyVCNnJpJTIwU29zbHUlMjBUYXZ1ayUyQyUyMFRhdnVrJTIwRyVDMyVCQ3ZlJUMzJUE3LiUzQyUyRnNwYW4lM0UlM0MlMkZwJTNFJTBBJTA5JTA5JTNDc3Ryb25nJTIwY2xhc3MlM0QlMjJzcGVjaWFsLW1lbnUtcHJpY2UlMjB0ZXh0LWNvbG9yLWRhcmslMjIlM0UlM0MlMkZzdHJvbmclM0UlMEElMDklM0MlMkZsaSUzRSUwQSUwOSUzQ2xpJTNFJTBBJTA5JTA5JTNDaW1nJTIwc3JjJTNEJTIyaHR0cHMlM0ElMkYlMkZ3d3cua29yZmV6cmVzdGF1cmFudC5jb20udHIlMkZ3cC1jb250ZW50JTJGdXBsb2FkcyUyRjIwMjYlMkYwMSUyRmJhbGlrLnBuZyUyMiUyMGNsYXNzJTNEJTIyaW1nLXJlc3BvbnNpdmUlMjIlMjBhbHQlM0QlMjIlMjIlM0UlMEElMDklMDklM0NoMyUzRUJBTElLJTIwJTNDZW0lM0UlM0MlMkZlbSUzRSUzQyUyRmgzJTNFJTBBJTA5JTA5JTNDcCUzRSUzQ3NwYW4lM0VJemdhcmElMkMlMjBUYXZhJTJDJTIwQnUlQzQlOUZ1bGFtYSUyQyUyMFBpbGFraSUyQyUyMFR1emRhJTIwQmFsJUM0JUIxay4lM0MlMkZzcGFuJTNFJTNDJTJGcCUzRSUwQSUwOSUwOSUzQ3N0cm9uZyUyMGNsYXNzJTNEJTIyc3BlY2lhbC1tZW51LXByaWNlJTIwdGV4dC1jb2xvci1kYXJrJTIyJTNFJTNDJTJGc3Ryb25nJTNFJTBBJTA5JTNDJTJGbGklM0UlMEElMDklM0NsaSUzRSUwQSUwOSUwOSUzQ2ltZyUyMHNyYyUzRCUyMmh0dHBzJTNBJTJGJTJGd3d3LmtvcmZlenJlc3RhdXJhbnQuY29tLnRyJTJGd3AtY29udGVudCUyRnVwbG9hZHMlMkYyMDI2JTJGMDElMkZ2ZWdhbi5wbmclMjIlMjBjbGFzcyUzRCUyMmltZy1yZXNwb25zaXZlJTIyJTIwYWx0JTNEJTIyJTIyJTNFJTBBJTA5JTA5JTNDaDMlM0VWRUpFVEVSWUFOJTIwJTJGJTIwVkVHQU4lMjAlM0NlbSUzRSUzQyUyRmVtJTNFJTNDJTJGaDMlM0UlMEElMDklMDklM0NwJTNFJTNDc3BhbiUzRVZlamV0ZXJ5YW4lMjBHJUMzJUJDdmUlQzMlQTclMkMlMjBWZWdhbiUyMFdyYXAlMkMlMjBTZWJ6ZSUyMEl6Z2FyYSUyQyUyMFNwYWdldHRpJTIwTmFwb2xpdGFuLiUzQyUyRnNwYW4lM0UlM0MlMkZwJTNFJTBBJTA5JTA5JTNDc3Ryb25nJTIwY2xhc3MlM0QlMjJzcGVjaWFsLW1lbnUtcHJpY2UlMjB0ZXh0LWNvbG9yLWRhcmslMjIlM0UlM0MlMkZzdHJvbmclM0UlMEElMDklM0MlMkZsaSUzRSUwQSUwOSUzQ2xpJTNFJTBBJTA5JTA5JTNDaW1nJTIwc3JjJTNEJTIyaHR0cHMlM0ElMkYlMkZ3d3cua29yZmV6cmVzdGF1cmFudC5jb20udHIlMkZ3cC1jb250ZW50JTJGdXBsb2FkcyUyRjIwMjYlMkYwMSUyRnRhdGxpLnBuZyUyMiUyMGNsYXNzJTNEJTIyaW1nLXJlc3BvbnNpdmUlMjIlMjBhbHQlM0QlMjIlMjIlM0UlMEElMDklMDklM0NoMyUzRVRBVExJTEFSJTIwJTNDZW0lM0UlM0MlMkZlbSUzRSUzQyUyRmgzJTNFJTBBJTA5JTA5JTNDcCUzRSUzQ3NwYW4lM0VCYWtsYXZhJTJDJTIwRG9uZHVybWElMkMlMjBMaW1vbmx1JTIwUGFyZmUlMkMlMjBNYW5hbGluJTIwU29yYmUlMkMlMjBEb25kdXJtYWwlQzQlQjElMjAlQzQlQjBybWlrJTIwSGVsdmFzJUM0JUIxJTJDJTIwRiVDNCVCMXIlQzQlQjFuZGElMjBIZWx2YSUyQyUyMEthYnVyYWJhc3QlQzQlQjEuJTNDJTJGc3BhbiUzRSUzQyUyRnAlM0UlMEElMDklMDklM0NzdHJvbmclMjBjbGFzcyUzRCUyMnNwZWNpYWwtbWVudS1wcmljZSUyMHRleHQtY29sb3ItZGFyayUyMiUzRSUzQyUyRnN0cm9uZyUzRSUwQSUwOSUzQyUyRmxpJTNFJTBBJTNDJTJGdWwlM0U=[\/vc_raw_html][\/vc_column][\/vc_row]<\/p>\n","protected":false},"author":1,"featured_media":0,"parent":0,"menu_order":0,"comment_status":"closed","ping_status":"closed","template":"","meta":{"footnotes":""},"class_list":["post-52","page","type-page","status-publish","hentry"],"_links":{"self":[{"href":"https:\/\/www.korfezrestaurant.com.tr\/index.php?rest_route=\/wp\/v2\/pages\/52","targetHints":{"allow":["GET"]}}],"collection":[{"href":"https:\/\/www.korfezrestaurant.com.tr\/index.php?rest_route=\/wp\/v2\/pages"}],"about":[{"href":"https:\/\/www.korfezrestaurant.com.tr\/index.php?rest_route=\/wp\/v2\/types\/page"}],"author":[{"embeddable":true,"href":"https:\/\/www.korfezrestaurant.com.tr\/index.php?rest_route=\/wp\/v2\/users\/1"}],"replies":[{"embeddable":true,"href":"https:\/\/www.korfezrestaurant.com.tr\/index.php?rest_route=%2Fwp%2Fv2%2Fcomments&post=52"}],"version-history":[{"count":17,"href":"https:\/\/www.korfezrestaurant.com.tr\/index.php?rest_route=\/wp\/v2\/pages\/52\/revisions"}],"predecessor-version":[{"id":369,"href":"https:\/\/www.korfezrestaurant.com.tr\/index.php?rest_route=\/wp\/v2\/pages\/52\/revisions\/369"}],"wp:attachment":[{"href":"https:\/\/www.korfezrestaurant.com.tr\/index.php?rest_route=%2Fwp%2Fv2%2Fmedia&parent=52"}],"curies":[{"name":"wp","href":"https:\/\/api.w.org\/{rel}","templated":true}]}}