{"id":10,"date":"2016-08-17T07:33:37","date_gmt":"2016-08-17T07:33:37","guid":{"rendered":"http:\/\/sw-themes.com\/porto_dummy\/restaurant\/?page_id=10"},"modified":"2020-02-12T11:15:56","modified_gmt":"2020-02-12T11:15:56","slug":"iletisim","status":"publish","type":"page","link":"https:\/\/www.korfezrestaurant.com.tr\/?page_id=10","title":{"rendered":"\u0130leti\u015fim"},"content":{"rendered":"<p>[vc_row full_width=&#8221;stretch_row_content&#8221; wrap_container=&#8221;yes&#8221;][vc_column][vc_gmaps link=&#8221;#E-8_JTNDaWZyYW1lJTIwc3JjJTNEJTIyaHR0cHMlM0ElMkYlMkZ3d3cuZ29vZ2xlLmNvbSUyRm1hcHMlMkZlbWJlZCUzRnBiJTNEJTIxMW0xNCUyMTFtOCUyMTFtMyUyMTFkMTI3MzkuNzU0MjgzNDg3NjE5JTIxMmQyNy40MjkxOTglMjEzZDM3LjAzNTExMSUyMTNtMiUyMTFpMTAyNCUyMTJpNzY4JTIxNGYxMy4xJTIxM20zJTIxMW0yJTIxMXMweDAlMjUzQTB4NjIwNTM4ODVkNDRjMmQxYiUyMTJzSyUyNUMzJTI1QjZyZmV6JTI1MjBSZXN0YXVyYW50JTIxNWUwJTIxM20yJTIxMXN0ciUyMTJzdHIlMjE0djE1ODEyMDA2MzMxOTYlMjE1bTIlMjExc3RyJTIxMnN0ciUyMiUyMHdpZHRoJTNEJTIyNjAwJTIyJTIwaGVpZ2h0JTNEJTIyNDUwJTIyJTIwZnJhbWVib3JkZXIlM0QlMjIwJTIyJTIwc3R5bGUlM0QlMjJib3JkZXIlM0EwJTNCJTIyJTIwYWxsb3dmdWxsc2NyZWVuJTNEJTIyJTIyJTNFJTNDJTJGaWZyYW1lJTNF&#8221;][vc_separator color=&#8221;custom&#8221; style=&#8221;pattern&#8221; pattern_repeat=&#8221;no-repeat&#8221; pattern_position=&#8221;center center&#8221; pattern_height=&#8221;16&#8243; gap=&#8221;taller&#8221; pattern=&#8221;26&#8243; el_class=&#8221;m-b-xxl&#8221;][\/vc_column][\/vc_row][vc_row wrap_container=&#8221;yes&#8221; is_section=&#8221;yes&#8221; remove_margin_bottom=&#8221;yes&#8221;][vc_column width=&#8221;1\/3&#8243;][vc_custom_heading text=&#8221;Telefon&#8221; font_container=&#8221;tag:h5|text_align:left&#8221; use_theme_fonts=&#8221;yes&#8221; el_class=&#8221;m-t-lg m-b-xs&#8221;][vc_column_text]<i class=\"fa fa-phone\"><\/i> + 90 252 313 82 48[\/vc_column_text][vc_custom_heading text=&#8221;Faks&#8221; font_container=&#8221;tag:h5|text_align:left&#8221; use_theme_fonts=&#8221;yes&#8221; el_class=&#8221;m-t-lg m-b-xs&#8221;][vc_column_text]<i class=\"fa fa-fax\"><\/i> + 90 252 313 29 05[\/vc_column_text][vc_custom_heading text=&#8221;Adres&#8221; font_container=&#8221;tag:h5|text_align:left&#8221; use_theme_fonts=&#8221;yes&#8221; el_class=&#8221;m-t-lg m-b-xs&#8221;][vc_column_text el_class=&#8221;m-b&#8221;]<i class=\"fas fa-map-marker-alt\"><\/i> Neyzen Tevfik Cad. No:2<br \/>\n48400 Bodrum-Mu\u011fla\/T\u00fcrkiye<br \/>\n<i class=\"fa fa-info-circle\" aria-hidden=\"true\"><\/i> Bodrum Kaymakaml\u0131\u011f\u0131 yan\u0131[\/vc_column_text][\/vc_column][vc_column width=&#8221;1\/3&#8243;][vc_single_image image=&#8221;217&#8243; img_size=&#8221;full&#8221; label=&#8221;&#8221;][vc_custom_heading text=&#8221;\u00c7al\u0131\u015fma Saatlerimiz&#8221; font_container=&#8221;tag:h5|text_align:left&#8221; use_theme_fonts=&#8221;yes&#8221; el_class=&#8221;m-t-lg m-b-xs&#8221;][vc_column_text]<\/p>\n<ul class=\"list list-icons list-dark m-t-md\">\n<li><i class=\"far fa-clock\"><\/i> Haftai\u00e7i &#8211; 09:00 &#8211; 02:00<\/li>\n<li><i class=\"far fa-clock\"><\/i> Cumartesi &#8211; 09:00 &#8211; 02:00<\/li>\n<li><i class=\"far fa-clock\"><\/i> Pazar &#8211; 09:00 &#8211; 02:00<\/li>\n<\/ul>\n<p>[\/vc_column_text][\/vc_column][vc_column width=&#8221;1\/3&#8243;][vc_custom_heading text=&#8221;\u0130leti\u015fim Formu&#8221; font_container=&#8221;tag:h5|text_align:left&#8221; use_theme_fonts=&#8221;yes&#8221; el_class=&#8221;m-t-lg m-b-md&#8221;]<div role=\"form\" class=\"wpcf7\" id=\"wpcf7-f30-o1\" lang=\"en-US\" dir=\"ltr\">\n<div class=\"screen-reader-response\"><p role=\"status\" aria-live=\"polite\" aria-atomic=\"true\"><\/p> <ul><\/ul><\/div>\n<form action=\"\/index.php?rest_route=%2Fwp%2Fv2%2Fpages%2F10#wpcf7-f30-o1\" method=\"post\" class=\"wpcf7-form init\" novalidate=\"novalidate\" data-status=\"init\">\n<div style=\"display: none;\">\n<input type=\"hidden\" name=\"_wpcf7\" value=\"30\" \/>\n<input type=\"hidden\" name=\"_wpcf7_version\" value=\"5.4.1\" \/>\n<input type=\"hidden\" name=\"_wpcf7_locale\" value=\"en_US\" \/>\n<input type=\"hidden\" name=\"_wpcf7_unit_tag\" value=\"wpcf7-f30-o1\" \/>\n<input type=\"hidden\" name=\"_wpcf7_container_post\" value=\"0\" \/>\n<input type=\"hidden\" name=\"_wpcf7_posted_data_hash\" value=\"\" \/>\n<\/div>\n<div class=\"row\">\n<div class=\"col-lg-12\">\n<div class=\"form-group\">\n            <label for=\"contact-name\">Your name *<\/label><br \/>\n            <span class=\"wpcf7-form-control-wrap your-name\"><input type=\"text\" name=\"your-name\" value=\"\" size=\"40\" class=\"wpcf7-form-control wpcf7-text wpcf7-validates-as-required form-control\" id=\"contact-name\" aria-required=\"true\" aria-invalid=\"false\" \/><\/span>\n        <\/div>\n<\/div>\n<div class=\"col-lg-12\">\n<div class=\"form-group\">\n            <label for=\"contact-email\">Your email address *<\/label><br \/>\n            <span class=\"wpcf7-form-control-wrap your-email\"><input type=\"email\" name=\"your-email\" value=\"\" size=\"40\" class=\"wpcf7-form-control wpcf7-text wpcf7-email wpcf7-validates-as-required wpcf7-validates-as-email form-control\" id=\"contact-email\" aria-required=\"true\" aria-invalid=\"false\" \/><\/span>\n        <\/div>\n<\/div>\n<div class=\"col-lg-12\">\n<div class=\"form-group\">\n            <label for=\"contact-subject\">Subject<\/label><br \/>\n            <span class=\"wpcf7-form-control-wrap your-subject\"><input type=\"text\" name=\"your-subject\" value=\"\" size=\"40\" class=\"wpcf7-form-control wpcf7-text form-control\" id=\"contact-subject\" aria-invalid=\"false\" \/><\/span>\n        <\/div>\n<\/div>\n<div class=\"col-lg-12\">\n<div class=\"form-group\">\n            <label for=\"contact-message\">Message *<\/label><br \/>\n            <span class=\"wpcf7-form-control-wrap your-message\"><textarea name=\"your-message\" cols=\"40\" rows=\"3\" class=\"wpcf7-form-control wpcf7-textarea wpcf7-validates-as-required form-control\" id=\"contact-message\" aria-required=\"true\" aria-invalid=\"false\"><\/textarea><\/span>\n        <\/div>\n<\/div>\n<div class=\"col-lg-12\">\n<div class=\"form-group\">\n            <input type=\"submit\" value=\"Send Message\" class=\"wpcf7-form-control wpcf7-submit btn btn-primary\" \/>\n        <\/div>\n<\/div>\n<\/div>\n<div class=\"wpcf7-response-output\" aria-hidden=\"true\"><\/div><\/form><\/div>[\/vc_column][\/vc_row]<\/p>\n","protected":false},"excerpt":{"rendered":"<p>[vc_row full_width=&#8221;stretch_row_content&#8221; wrap_container=&#8221;yes&#8221;][vc_column][vc_gmaps link=&#8221;#E-8_JTNDaWZyYW1lJTIwc3JjJTNEJTIyaHR0cHMlM0ElMkYlMkZ3d3cuZ29vZ2xlLmNvbSUyRm1hcHMlMkZlbWJlZCUzRnBiJTNEJTIxMW0xNCUyMTFtOCUyMTFtMyUyMTFkMTI3MzkuNzU0MjgzNDg3NjE5JTIxMmQyNy40MjkxOTglMjEzZDM3LjAzNTExMSUyMTNtMiUyMTFpMTAyNCUyMTJpNzY4JTIxNGYxMy4xJTIxM20zJTIxMW0yJTIxMXMweDAlMjUzQTB4NjIwNTM4ODVkNDRjMmQxYiUyMTJzSyUyNUMzJTI1QjZyZmV6JTI1MjBSZXN0YXVyYW50JTIxNWUwJTIxM20yJTIxMXN0ciUyMTJzdHIlMjE0djE1ODEyMDA2MzMxOTYlMjE1bTIlMjExc3RyJTIxMnN0ciUyMiUyMHdpZHRoJTNEJTIyNjAwJTIyJTIwaGVpZ2h0JTNEJTIyNDUwJTIyJTIwZnJhbWVib3JkZXIlM0QlMjIwJTIyJTIwc3R5bGUlM0QlMjJib3JkZXIlM0EwJTNCJTIyJTIwYWxsb3dmdWxsc2NyZWVuJTNEJTIyJTIyJTNFJTNDJTJGaWZyYW1lJTNF&#8221;][vc_separator color=&#8221;custom&#8221; style=&#8221;pattern&#8221; pattern_repeat=&#8221;no-repeat&#8221; pattern_position=&#8221;center center&#8221; pattern_height=&#8221;16&#8243; gap=&#8221;taller&#8221; pattern=&#8221;26&#8243; el_class=&#8221;m-b-xxl&#8221;][\/vc_column][\/vc_row][vc_row wrap_container=&#8221;yes&#8221; is_section=&#8221;yes&#8221; remove_margin_bottom=&#8221;yes&#8221;][vc_column width=&#8221;1\/3&#8243;][vc_custom_heading text=&#8221;Telefon&#8221; font_container=&#8221;tag:h5|text_align:left&#8221; use_theme_fonts=&#8221;yes&#8221; el_class=&#8221;m-t-lg m-b-xs&#8221;][vc_column_text] + 90 252 313 82 48[\/vc_column_text][vc_custom_heading text=&#8221;Faks&#8221; font_container=&#8221;tag:h5|text_align:left&#8221; use_theme_fonts=&#8221;yes&#8221; el_class=&#8221;m-t-lg m-b-xs&#8221;][vc_column_text] + 90 252 313 29 05[\/vc_column_text][vc_custom_heading text=&#8221;Adres&#8221; font_container=&#8221;tag:h5|text_align:left&#8221; use_theme_fonts=&#8221;yes&#8221; el_class=&#8221;m-t-lg m-b-xs&#8221;][vc_column_text el_class=&#8221;m-b&#8221;] Neyzen Tevfik Cad. No:2 48400 Bodrum-Mu\u011fla\/T\u00fcrkiye Bodrum Kaymakaml\u0131\u011f\u0131 yan\u0131[\/vc_column_text][\/vc_column][vc_column width=&#8221;1\/3&#8243;][vc_single_image [&hellip;]<\/p>\n","protected":false},"author":1,"featured_media":0,"parent":0,"menu_order":0,"comment_status":"closed","ping_status":"closed","template":"","meta":{"footnotes":""},"class_list":["post-10","page","type-page","status-publish","hentry"],"_links":{"self":[{"href":"https:\/\/www.korfezrestaurant.com.tr\/index.php?rest_route=\/wp\/v2\/pages\/10","targetHints":{"allow":["GET"]}}],"collection":[{"href":"https:\/\/www.korfezrestaurant.com.tr\/index.php?rest_route=\/wp\/v2\/pages"}],"about":[{"href":"https:\/\/www.korfezrestaurant.com.tr\/index.php?rest_route=\/wp\/v2\/types\/page"}],"author":[{"embeddable":true,"href":"https:\/\/www.korfezrestaurant.com.tr\/index.php?rest_route=\/wp\/v2\/users\/1"}],"replies":[{"embeddable":true,"href":"https:\/\/www.korfezrestaurant.com.tr\/index.php?rest_route=%2Fwp%2Fv2%2Fcomments&post=10"}],"version-history":[{"count":6,"href":"https:\/\/www.korfezrestaurant.com.tr\/index.php?rest_route=\/wp\/v2\/pages\/10\/revisions"}],"predecessor-version":[{"id":222,"href":"https:\/\/www.korfezrestaurant.com.tr\/index.php?rest_route=\/wp\/v2\/pages\/10\/revisions\/222"}],"wp:attachment":[{"href":"https:\/\/www.korfezrestaurant.com.tr\/index.php?rest_route=%2Fwp%2Fv2%2Fmedia&parent=10"}],"curies":[{"name":"wp","href":"https:\/\/api.w.org\/{rel}","templated":true}]}}